{"id":139,"date":"2023-03-30T08:46:35","date_gmt":"2023-03-30T11:46:35","guid":{"rendered":"https:\/\/texpak.com.br\/blog\/?page_id=139"},"modified":"2024-10-09T15:49:27","modified_gmt":"2024-10-09T18:49:27","slug":"empresa","status":"publish","type":"page","link":"https:\/\/texpak.com.br\/blog\/empresa\/","title":{"rendered":"Empresa"},"content":{"rendered":"\t\t<div data-elementor-type=\"wp-page\" data-elementor-id=\"139\" class=\"elementor elementor-139\">\n\t\t\t\t\t\t<section class=\"elementor-section elementor-top-section elementor-element elementor-element-197c431 elementor-section-boxed elementor-section-height-default elementor-section-height-default\" data-id=\"197c431\" data-element_type=\"section\" data-settings=\"{&quot;background_background&quot;:&quot;classic&quot;}\">\n\t\t\t\t\t\t<div class=\"elementor-container elementor-column-gap-default\">\n\t\t\t\t\t<div class=\"elementor-column elementor-col-100 elementor-top-column elementor-element elementor-element-8d0d546\" data-id=\"8d0d546\" data-element_type=\"column\">\n\t\t\t<div class=\"elementor-widget-wrap elementor-element-populated\">\n\t\t\t\t\t\t<section class=\"elementor-section elementor-inner-section elementor-element elementor-element-44e2b4c elementor-section-boxed elementor-section-height-default elementor-section-height-default\" data-id=\"44e2b4c\" data-element_type=\"section\">\n\t\t\t\t\t\t<div class=\"elementor-container elementor-column-gap-default\">\n\t\t\t\t\t<div class=\"elementor-column elementor-col-33 elementor-inner-column elementor-element elementor-element-14c9c4b\" data-id=\"14c9c4b\" data-element_type=\"column\">\n\t\t\t<div class=\"elementor-widget-wrap elementor-element-populated\">\n\t\t\t\t\t\t<div class=\"elementor-element elementor-element-0aa8c23 elementor-widget elementor-widget-heading\" data-id=\"0aa8c23\" data-element_type=\"widget\" data-settings=\"{&quot;htmega_fe&quot;:&quot;no&quot;}\" data-widget_type=\"heading.default\">\n\t\t\t\t<div class=\"elementor-widget-container\">\n\t\t\t\t\t<h1 class=\"elementor-heading-title elementor-size-default\">Empresa<\/h1>\t\t\t\t<\/div>\n\t\t\t\t<\/div>\n\t\t\t\t\t<\/div>\n\t\t<\/div>\n\t\t\t\t<div class=\"elementor-column elementor-col-33 elementor-inner-column elementor-element elementor-element-c0960c6\" data-id=\"c0960c6\" data-element_type=\"column\">\n\t\t\t<div class=\"elementor-widget-wrap elementor-element-populated\">\n\t\t\t\t\t\t<div class=\"elementor-element elementor-element-fdaca8b elementor-widget elementor-widget-image\" data-id=\"fdaca8b\" data-element_type=\"widget\" data-settings=\"{&quot;htmega_fe&quot;:&quot;no&quot;}\" data-widget_type=\"image.default\">\n\t\t\t\t<div class=\"elementor-widget-container\">\n\t\t\t\t\t\t\t\t\t\t\t\t\t\t\t<img fetchpriority=\"high\" decoding=\"async\" width=\"728\" height=\"294\" src=\"https:\/\/texpak.com.br\/blog\/wp-content\/uploads\/2023\/03\/produtos-tubos-papelao-texpak.png\" class=\"attachment-large size-large wp-image-146\" alt=\"\" srcset=\"https:\/\/texpak.com.br\/blog\/wp-content\/uploads\/2023\/03\/produtos-tubos-papelao-texpak.png 728w, https:\/\/texpak.com.br\/blog\/wp-content\/uploads\/2023\/03\/produtos-tubos-papelao-texpak-300x121.png 300w\" sizes=\"(max-width: 728px) 100vw, 728px\" \/>\t\t\t\t\t\t\t\t\t\t\t\t\t\t\t<\/div>\n\t\t\t\t<\/div>\n\t\t\t\t\t<\/div>\n\t\t<\/div>\n\t\t\t\t<div class=\"elementor-column elementor-col-33 elementor-inner-column elementor-element elementor-element-4b9ad62\" data-id=\"4b9ad62\" data-element_type=\"column\" data-settings=\"{&quot;background_background&quot;:&quot;classic&quot;}\">\n\t\t\t<div class=\"elementor-widget-wrap elementor-element-populated\">\n\t\t\t\t\t\t<div class=\"elementor-element elementor-element-5a9023f elementor-widget elementor-widget-heading\" data-id=\"5a9023f\" data-element_type=\"widget\" data-settings=\"{&quot;htmega_fe&quot;:&quot;no&quot;}\" data-widget_type=\"heading.default\">\n\t\t\t\t<div class=\"elementor-widget-container\">\n\t\t\t\t\t<h2 class=\"elementor-heading-title elementor-size-default\">Desde 2003 desenvolvendo solu\u00e7\u00f5es em tubos de papel\u00e3o<\/h2>\t\t\t\t<\/div>\n\t\t\t\t<\/div>\n\t\t\t\t\t<\/div>\n\t\t<\/div>\n\t\t\t\t\t<\/div>\n\t\t<\/section>\n\t\t\t\t\t<\/div>\n\t\t<\/div>\n\t\t\t\t\t<\/div>\n\t\t<\/section>\n\t\t\t\t<section class=\"elementor-section elementor-top-section elementor-element elementor-element-10b2456 elementor-section-boxed elementor-section-height-default elementor-section-height-default\" data-id=\"10b2456\" data-element_type=\"section\">\n\t\t\t\t\t\t<div class=\"elementor-container elementor-column-gap-default\">\n\t\t\t\t\t<div class=\"elementor-column elementor-col-100 elementor-top-column elementor-element elementor-element-b32125a\" data-id=\"b32125a\" data-element_type=\"column\">\n\t\t\t<div class=\"elementor-widget-wrap elementor-element-populated\">\n\t\t\t\t\t\t<div class=\"elementor-element elementor-element-057763f elementor-widget elementor-widget-image\" data-id=\"057763f\" data-element_type=\"widget\" data-settings=\"{&quot;htmega_fe&quot;:&quot;no&quot;}\" data-widget_type=\"image.default\">\n\t\t\t\t<div class=\"elementor-widget-container\">\n\t\t\t\t\t\t\t\t\t\t\t\t\t\t\t<img decoding=\"async\" width=\"1800\" height=\"866\" src=\"https:\/\/texpak.com.br\/blog\/wp-content\/uploads\/2023\/03\/texpak-fabrica-tubos-papelao.jpg\" class=\"attachment-full size-full wp-image-158\" alt=\"\" srcset=\"https:\/\/texpak.com.br\/blog\/wp-content\/uploads\/2023\/03\/texpak-fabrica-tubos-papelao.jpg 1800w, https:\/\/texpak.com.br\/blog\/wp-content\/uploads\/2023\/03\/texpak-fabrica-tubos-papelao-300x144.jpg 300w, https:\/\/texpak.com.br\/blog\/wp-content\/uploads\/2023\/03\/texpak-fabrica-tubos-papelao-1024x493.jpg 1024w, https:\/\/texpak.com.br\/blog\/wp-content\/uploads\/2023\/03\/texpak-fabrica-tubos-papelao-768x369.jpg 768w, https:\/\/texpak.com.br\/blog\/wp-content\/uploads\/2023\/03\/texpak-fabrica-tubos-papelao-1536x739.jpg 1536w\" sizes=\"(max-width: 1800px) 100vw, 1800px\" \/>\t\t\t\t\t\t\t\t\t\t\t\t\t\t\t<\/div>\n\t\t\t\t<\/div>\n\t\t\t\t<div class=\"elementor-element elementor-element-95b3b2c elementor-widget elementor-widget-heading\" data-id=\"95b3b2c\" data-element_type=\"widget\" data-settings=\"{&quot;htmega_fe&quot;:&quot;no&quot;}\" data-widget_type=\"heading.default\">\n\t\t\t\t<div class=\"elementor-widget-container\">\n\t\t\t\t\t<h2 class=\"elementor-heading-title elementor-size-default\">A TexPak<\/h2>\t\t\t\t<\/div>\n\t\t\t\t<\/div>\n\t\t\t\t<div class=\"elementor-element elementor-element-2211479 elementor-widget elementor-widget-heading\" data-id=\"2211479\" data-element_type=\"widget\" data-settings=\"{&quot;htmega_fe&quot;:&quot;no&quot;}\" data-widget_type=\"heading.default\">\n\t\t\t\t<div class=\"elementor-widget-container\">\n\t\t\t\t\t<p class=\"elementor-heading-title elementor-size-default\">Desde 2003 a <b>TexPak<\/b> \u00e9 especializada na fabrica\u00e7\u00e3o e comercializa\u00e7\u00e3o de tubos de papel\u00e3o espirais e ao longo dos anos tem conquistado a confian\u00e7a dos seus clientes e parceiros, atrav\u00e9s da seriedade e efic\u00e1cia em seu trabalho. Conta com dedica\u00e7\u00e3o di\u00e1ria para superar os desafios por meio de uma administra\u00e7\u00e3o orientada para buscar constantemente novas tecnologias e um aperfei\u00e7oamento continuo da qualidade do produto fabricado.\n<br><br>\nA <b>TexPak<\/b> possui profissionais altamente qualificados e treinados que garantem o sucesso da empresa, seus produtos s\u00e3o tecnologicamente pensados para atender as necessidades dos clientes com efici\u00eancia, sempre focada em desenvolver ideias e solu\u00e7\u00f5es visando a otimiza\u00e7\u00e3o dos custos para seus parceiros.\n<br><br>\nAtendendo a diversos segmentos embalagens flex\u00edveis, papel, papel alum\u00ednio, t\u00eaxtil, fia\u00e7\u00e3o e etiquetas adesivas, constru\u00e7\u00e3o civil, TNT (Tecido n\u00e3o tecido) e outros segmentos.\n<br><br>\nDesde o in\u00edcio de suas atividades participa do desenvolvimento da regi\u00e3o, inovando a cada dia o processo de produ\u00e7\u00e3o, investindo em novas tecnologias, em treinamento constante de seus colaboradores e na orienta\u00e7\u00e3o de seus clientes.<\/p>\t\t\t\t<\/div>\n\t\t\t\t<\/div>\n\t\t\t\t<section class=\"elementor-section elementor-inner-section elementor-element elementor-element-6fb289f elementor-section-boxed elementor-section-height-default elementor-section-height-default\" data-id=\"6fb289f\" data-element_type=\"section\">\n\t\t\t\t\t\t<div class=\"elementor-container elementor-column-gap-default\">\n\t\t\t\t\t<div class=\"elementor-column elementor-col-33 elementor-inner-column elementor-element elementor-element-1a593c2\" data-id=\"1a593c2\" data-element_type=\"column\" data-settings=\"{&quot;background_background&quot;:&quot;classic&quot;}\">\n\t\t\t<div class=\"elementor-widget-wrap elementor-element-populated\">\n\t\t\t\t\t\t<div class=\"elementor-element elementor-element-3f10bbb elementor-widget elementor-widget-heading\" data-id=\"3f10bbb\" data-element_type=\"widget\" data-settings=\"{&quot;htmega_fe&quot;:&quot;no&quot;}\" data-widget_type=\"heading.default\">\n\t\t\t\t<div class=\"elementor-widget-container\">\n\t\t\t\t\t<h2 class=\"elementor-heading-title elementor-size-default\">Miss\u00e3o<\/h2>\t\t\t\t<\/div>\n\t\t\t\t<\/div>\n\t\t\t\t<div class=\"elementor-element elementor-element-5c2ab47 elementor-widget elementor-widget-heading\" data-id=\"5c2ab47\" data-element_type=\"widget\" data-settings=\"{&quot;htmega_fe&quot;:&quot;no&quot;}\" data-widget_type=\"heading.default\">\n\t\t\t\t<div class=\"elementor-widget-container\">\n\t\t\t\t\t<p class=\"elementor-heading-title elementor-size-default\">Oferecer <b>solu\u00e7\u00f5es em tubos de papel\u00e3o<\/b>, atendendo as necessidades dos nossos clientes, com credibilidade, reconhecimento e altamente comprometida com a qualidade de nossos produtos.<\/p>\t\t\t\t<\/div>\n\t\t\t\t<\/div>\n\t\t\t\t\t<\/div>\n\t\t<\/div>\n\t\t\t\t<div class=\"elementor-column elementor-col-33 elementor-inner-column elementor-element elementor-element-59b6c8e\" data-id=\"59b6c8e\" data-element_type=\"column\" data-settings=\"{&quot;background_background&quot;:&quot;classic&quot;}\">\n\t\t\t<div class=\"elementor-widget-wrap elementor-element-populated\">\n\t\t\t\t\t\t<div class=\"elementor-element elementor-element-fa42f37 elementor-widget elementor-widget-heading\" data-id=\"fa42f37\" data-element_type=\"widget\" data-settings=\"{&quot;htmega_fe&quot;:&quot;no&quot;}\" data-widget_type=\"heading.default\">\n\t\t\t\t<div class=\"elementor-widget-container\">\n\t\t\t\t\t<h2 class=\"elementor-heading-title elementor-size-default\">Vis\u00e3o<\/h2>\t\t\t\t<\/div>\n\t\t\t\t<\/div>\n\t\t\t\t<div class=\"elementor-element elementor-element-8a2a765 elementor-widget elementor-widget-heading\" data-id=\"8a2a765\" data-element_type=\"widget\" data-settings=\"{&quot;htmega_fe&quot;:&quot;no&quot;}\" data-widget_type=\"heading.default\">\n\t\t\t\t<div class=\"elementor-widget-container\">\n\t\t\t\t\t<p class=\"elementor-heading-title elementor-size-default\">Ser uma <b>empresa inovadora<\/b>, mantendo rela\u00e7\u00f5es de confian\u00e7a e excel\u00eancia em gest\u00e3o no setor de tubos de papel\u00e3o.<\/p>\t\t\t\t<\/div>\n\t\t\t\t<\/div>\n\t\t\t\t\t<\/div>\n\t\t<\/div>\n\t\t\t\t<div class=\"elementor-column elementor-col-33 elementor-inner-column elementor-element elementor-element-5bad81f\" data-id=\"5bad81f\" data-element_type=\"column\" data-settings=\"{&quot;background_background&quot;:&quot;classic&quot;}\">\n\t\t\t<div class=\"elementor-widget-wrap elementor-element-populated\">\n\t\t\t\t\t\t<div class=\"elementor-element elementor-element-8779a72 elementor-widget elementor-widget-heading\" data-id=\"8779a72\" data-element_type=\"widget\" data-settings=\"{&quot;htmega_fe&quot;:&quot;no&quot;}\" data-widget_type=\"heading.default\">\n\t\t\t\t<div class=\"elementor-widget-container\">\n\t\t\t\t\t<h2 class=\"elementor-heading-title elementor-size-default\">Valores<\/h2>\t\t\t\t<\/div>\n\t\t\t\t<\/div>\n\t\t\t\t<div class=\"elementor-element elementor-element-32ec11d elementor-widget elementor-widget-heading\" data-id=\"32ec11d\" data-element_type=\"widget\" data-settings=\"{&quot;htmega_fe&quot;:&quot;no&quot;}\" data-widget_type=\"heading.default\">\n\t\t\t\t<div class=\"elementor-widget-container\">\n\t\t\t\t\t<p class=\"elementor-heading-title elementor-size-default\"><b>Profissionalismo, efici\u00eancia, respeito, dedica\u00e7\u00e3o, foco em performance e total comprometimento<\/b> com seus parceiros e colaboradores.<\/p>\t\t\t\t<\/div>\n\t\t\t\t<\/div>\n\t\t\t\t\t<\/div>\n\t\t<\/div>\n\t\t\t\t\t<\/div>\n\t\t<\/section>\n\t\t\t\t<div class=\"elementor-element elementor-element-06bc4f2 elementor-widget elementor-widget-heading\" data-id=\"06bc4f2\" data-element_type=\"widget\" data-settings=\"{&quot;htmega_fe&quot;:&quot;no&quot;}\" data-widget_type=\"heading.default\">\n\t\t\t\t<div class=\"elementor-widget-container\">\n\t\t\t\t\t<h2 class=\"elementor-heading-title elementor-size-default\">POL\u00cdTICA DA QUALIDADE<\/h2>\t\t\t\t<\/div>\n\t\t\t\t<\/div>\n\t\t\t\t<div class=\"elementor-element elementor-element-5e08e20 elementor-widget elementor-widget-heading\" data-id=\"5e08e20\" data-element_type=\"widget\" data-settings=\"{&quot;htmega_fe&quot;:&quot;no&quot;}\" data-widget_type=\"heading.default\">\n\t\t\t\t<div class=\"elementor-widget-container\">\n\t\t\t\t\t<p class=\"elementor-heading-title elementor-size-default\">A <b>TexPak<\/b> tem como compromisso fornecer tubos de papel\u00e3o e satisfazer as necessidades de nossos clientes com produtos que atendam aos requisitos\nestabelecidos em comum acordo, gerando resultados competitivos e sustent\u00e1veis, buscando a melhoria continua em nossos processos.<\/p>\t\t\t\t<\/div>\n\t\t\t\t<\/div>\n\t\t\t\t<div class=\"elementor-element elementor-element-8d46bdd gallery-spacing-custom elementor-widget elementor-widget-image-gallery\" data-id=\"8d46bdd\" data-element_type=\"widget\" data-settings=\"{&quot;htmega_fe&quot;:&quot;no&quot;}\" data-widget_type=\"image-gallery.default\">\n\t\t\t\t<div class=\"elementor-widget-container\">\n\t\t\t\t\t\t\t<div class=\"elementor-image-gallery\">\n\t\t\t<div id='gallery-1' class='gallery galleryid-139 gallery-columns-4 gallery-size-full'><figure class='gallery-item'>\n\t\t\t<div class='gallery-icon landscape'>\n\t\t\t\t<img decoding=\"async\" width=\"290\" height=\"210\" src=\"https:\/\/texpak.com.br\/blog\/wp-content\/uploads\/2023\/03\/4-miniatura-texpak-fabrica-tubos-papelao.jpg\" class=\"attachment-full size-full\" alt=\"\" \/>\n\t\t\t<\/div><\/figure><figure class='gallery-item'>\n\t\t\t<div class='gallery-icon landscape'>\n\t\t\t\t<img loading=\"lazy\" decoding=\"async\" width=\"290\" height=\"210\" src=\"https:\/\/texpak.com.br\/blog\/wp-content\/uploads\/2023\/03\/3-miniatura-texpak-fabrica-tubos-papelao.jpg\" class=\"attachment-full size-full\" alt=\"\" \/>\n\t\t\t<\/div><\/figure><figure class='gallery-item'>\n\t\t\t<div class='gallery-icon landscape'>\n\t\t\t\t<img loading=\"lazy\" decoding=\"async\" width=\"290\" height=\"210\" src=\"https:\/\/texpak.com.br\/blog\/wp-content\/uploads\/2023\/03\/2-miniatura-texpak-fabrica-tubos-papelao.jpg\" class=\"attachment-full size-full\" alt=\"\" \/>\n\t\t\t<\/div><\/figure><figure class='gallery-item'>\n\t\t\t<div class='gallery-icon landscape'>\n\t\t\t\t<img loading=\"lazy\" decoding=\"async\" width=\"290\" height=\"210\" src=\"https:\/\/texpak.com.br\/blog\/wp-content\/uploads\/2023\/03\/1-miniatura-texpak-fabrica-tubos-papelao.jpg\" class=\"attachment-full size-full\" alt=\"\" \/>\n\t\t\t<\/div><\/figure>\n\t\t<\/div>\n\t\t<\/div>\n\t\t\t\t\t\t<\/div>\n\t\t\t\t<\/div>\n\t\t\t\t<section class=\"elementor-section elementor-inner-section elementor-element elementor-element-c8fbb2c elementor-section-boxed elementor-section-height-default elementor-section-height-default\" data-id=\"c8fbb2c\" data-element_type=\"section\">\n\t\t\t\t\t\t<div class=\"elementor-container elementor-column-gap-default\">\n\t\t\t\t\t<div class=\"elementor-column elementor-col-33 elementor-inner-column elementor-element elementor-element-d984fe1\" data-id=\"d984fe1\" data-element_type=\"column\">\n\t\t\t<div class=\"elementor-widget-wrap elementor-element-populated\">\n\t\t\t\t\t\t<div class=\"elementor-element elementor-element-65ad466 elementor-position-left elementor-vertical-align-middle elementor-widget elementor-widget-image-box\" data-id=\"65ad466\" data-element_type=\"widget\" data-settings=\"{&quot;htmega_fe&quot;:&quot;no&quot;}\" data-widget_type=\"image-box.default\">\n\t\t\t\t<div class=\"elementor-widget-container\">\n\t\t\t\t\t<div class=\"elementor-image-box-wrapper\"><figure class=\"elementor-image-box-img\"><a href=\"https:\/\/www.texpak.com.br\/galeria-fotos-tubos-papelao.html\" tabindex=\"-1\"><img loading=\"lazy\" decoding=\"async\" width=\"50\" height=\"35\" src=\"https:\/\/texpak.com.br\/blog\/wp-content\/uploads\/2023\/03\/icone-galeria-texpak-tubos-papelao.png\" class=\"elementor-animation-pulse attachment-full size-full wp-image-157\" alt=\"\" \/><\/a><\/figure><div class=\"elementor-image-box-content\"><h3 class=\"elementor-image-box-title\"><a href=\"https:\/\/www.texpak.com.br\/galeria-fotos-tubos-papelao.html\">Confira outras imagens<\/a><\/h3><\/div><\/div>\t\t\t\t<\/div>\n\t\t\t\t<\/div>\n\t\t\t\t\t<\/div>\n\t\t<\/div>\n\t\t\t\t<div class=\"elementor-column elementor-col-33 elementor-inner-column elementor-element elementor-element-556e755\" data-id=\"556e755\" data-element_type=\"column\">\n\t\t\t<div class=\"elementor-widget-wrap\">\n\t\t\t\t\t\t\t<\/div>\n\t\t<\/div>\n\t\t\t\t<div class=\"elementor-column elementor-col-33 elementor-inner-column elementor-element elementor-element-e6a4e5c\" data-id=\"e6a4e5c\" data-element_type=\"column\">\n\t\t\t<div class=\"elementor-widget-wrap\">\n\t\t\t\t\t\t\t<\/div>\n\t\t<\/div>\n\t\t\t\t\t<\/div>\n\t\t<\/section>\n\t\t\t\t\t<\/div>\n\t\t<\/div>\n\t\t\t\t\t<\/div>\n\t\t<\/section>\n\t\t\t\t<\/div>\n\t\t","protected":false},"excerpt":{"rendered":"<p>Empresa Desde 2003 desenvolvendo solu\u00e7\u00f5es em tubos de papel\u00e3o A TexPak Desde 2003 a TexPak \u00e9 especializada na fabrica\u00e7\u00e3o e comercializa\u00e7\u00e3o de tubos de papel\u00e3o espirais e ao longo dos anos tem conquistado a confian\u00e7a dos seus clientes e parceiros, atrav\u00e9s da seriedade e efic\u00e1cia em seu trabalho. Conta com dedica\u00e7\u00e3o di\u00e1ria para superar os [&hellip;]<\/p>\n","protected":false},"author":1,"featured_media":0,"parent":0,"menu_order":0,"comment_status":"closed","ping_status":"closed","template":"","meta":{"inline_featured_image":false,"footnotes":""},"class_list":["post-139","page","type-page","status-publish","hentry"],"yoast_head":"<!-- This site is optimized with the Yoast SEO plugin v27.4 - https:\/\/yoast.com\/product\/yoast-seo-wordpress\/ -->\n<title>Texpak | Fabricante de Tubos de Papel\u00e3o<\/title>\n<meta name=\"description\" content=\"\u00c9 especializada na fabrica\u00e7\u00e3o e comercializa\u00e7\u00e3o de tubos de papel\u00e3o espirais e ao longo dos anos tem conquistado a confian\u00e7a dos seus clientes e parceiros atrav\u00e9s de um trabalho eficaz e s\u00e9rio.\" \/>\n<meta name=\"robots\" content=\"index, follow, max-snippet:-1, max-image-preview:large, max-video-preview:-1\" \/>\n<link rel=\"canonical\" href=\"https:\/\/texpak.com.br\/blog\/empresa\/\" \/>\n<meta property=\"og:locale\" content=\"pt_BR\" \/>\n<meta property=\"og:type\" content=\"article\" \/>\n<meta property=\"og:title\" content=\"Texpak | Fabricante de Tubos de Papel\u00e3o\" \/>\n<meta property=\"og:description\" content=\"\u00c9 especializada na fabrica\u00e7\u00e3o e comercializa\u00e7\u00e3o de tubos de papel\u00e3o espirais e ao longo dos anos tem conquistado a confian\u00e7a dos seus clientes e parceiros atrav\u00e9s de um trabalho eficaz e s\u00e9rio.\" \/>\n<meta property=\"og:url\" content=\"https:\/\/texpak.com.br\/blog\/empresa\/\" \/>\n<meta property=\"og:site_name\" content=\"Texpak | Informa\u00e7\u00f5es e Not\u00edcias\" \/>\n<meta property=\"article:modified_time\" content=\"2024-10-09T18:49:27+00:00\" \/>\n<meta property=\"og:image\" content=\"https:\/\/texpak.com.br\/blog\/wp-content\/uploads\/2023\/03\/produtos-tubos-papelao-texpak.png\" \/>\n<meta name=\"twitter:card\" content=\"summary_large_image\" \/>\n<meta name=\"twitter:label1\" content=\"Est. tempo de leitura\" \/>\n\t<meta name=\"twitter:data1\" content=\"3 minutos\" \/>\n<script type=\"application\/ld+json\" class=\"yoast-schema-graph\">{\"@context\":\"https:\\\/\\\/schema.org\",\"@graph\":[{\"@type\":\"WebPage\",\"@id\":\"https:\\\/\\\/texpak.com.br\\\/blog\\\/empresa\\\/\",\"url\":\"https:\\\/\\\/texpak.com.br\\\/blog\\\/empresa\\\/\",\"name\":\"Texpak | Fabricante de Tubos de Papel\u00e3o\",\"isPartOf\":{\"@id\":\"https:\\\/\\\/texpak.com.br\\\/blog\\\/#website\"},\"primaryImageOfPage\":{\"@id\":\"https:\\\/\\\/texpak.com.br\\\/blog\\\/empresa\\\/#primaryimage\"},\"image\":{\"@id\":\"https:\\\/\\\/texpak.com.br\\\/blog\\\/empresa\\\/#primaryimage\"},\"thumbnailUrl\":\"https:\\\/\\\/texpak.com.br\\\/blog\\\/wp-content\\\/uploads\\\/2023\\\/03\\\/produtos-tubos-papelao-texpak.png\",\"datePublished\":\"2023-03-30T11:46:35+00:00\",\"dateModified\":\"2024-10-09T18:49:27+00:00\",\"description\":\"\u00c9 especializada na fabrica\u00e7\u00e3o e comercializa\u00e7\u00e3o de tubos de papel\u00e3o espirais e ao longo dos anos tem conquistado a confian\u00e7a dos seus clientes e parceiros atrav\u00e9s de um trabalho eficaz e s\u00e9rio.\",\"breadcrumb\":{\"@id\":\"https:\\\/\\\/texpak.com.br\\\/blog\\\/empresa\\\/#breadcrumb\"},\"inLanguage\":\"pt-BR\",\"potentialAction\":[{\"@type\":\"ReadAction\",\"target\":[\"https:\\\/\\\/texpak.com.br\\\/blog\\\/empresa\\\/\"]}]},{\"@type\":\"ImageObject\",\"inLanguage\":\"pt-BR\",\"@id\":\"https:\\\/\\\/texpak.com.br\\\/blog\\\/empresa\\\/#primaryimage\",\"url\":\"https:\\\/\\\/texpak.com.br\\\/blog\\\/wp-content\\\/uploads\\\/2023\\\/03\\\/produtos-tubos-papelao-texpak.png\",\"contentUrl\":\"https:\\\/\\\/texpak.com.br\\\/blog\\\/wp-content\\\/uploads\\\/2023\\\/03\\\/produtos-tubos-papelao-texpak.png\",\"width\":728,\"height\":294},{\"@type\":\"BreadcrumbList\",\"@id\":\"https:\\\/\\\/texpak.com.br\\\/blog\\\/empresa\\\/#breadcrumb\",\"itemListElement\":[{\"@type\":\"ListItem\",\"position\":1,\"name\":\"In\u00edcio\",\"item\":\"https:\\\/\\\/texpak.com.br\\\/blog\\\/\"},{\"@type\":\"ListItem\",\"position\":2,\"name\":\"Empresa\"}]},{\"@type\":\"WebSite\",\"@id\":\"https:\\\/\\\/texpak.com.br\\\/blog\\\/#website\",\"url\":\"https:\\\/\\\/texpak.com.br\\\/blog\\\/\",\"name\":\"Texpak | Informa\u00e7\u00f5es e Not\u00edcias\",\"description\":\"Tubos de papel\u00e3o um forte aliado em seus processos de fabrica\u00e7\u00e3o, armazenagem e at\u00e9 mesmo uso final dos seus produtos pelo consumidor.\",\"potentialAction\":[{\"@type\":\"SearchAction\",\"target\":{\"@type\":\"EntryPoint\",\"urlTemplate\":\"https:\\\/\\\/texpak.com.br\\\/blog\\\/?s={search_term_string}\"},\"query-input\":{\"@type\":\"PropertyValueSpecification\",\"valueRequired\":true,\"valueName\":\"search_term_string\"}}],\"inLanguage\":\"pt-BR\"}]}<\/script>\n<!-- \/ Yoast SEO plugin. -->","yoast_head_json":{"title":"Texpak | Fabricante de Tubos de Papel\u00e3o","description":"\u00c9 especializada na fabrica\u00e7\u00e3o e comercializa\u00e7\u00e3o de tubos de papel\u00e3o espirais e ao longo dos anos tem conquistado a confian\u00e7a dos seus clientes e parceiros atrav\u00e9s de um trabalho eficaz e s\u00e9rio.","robots":{"index":"index","follow":"follow","max-snippet":"max-snippet:-1","max-image-preview":"max-image-preview:large","max-video-preview":"max-video-preview:-1"},"canonical":"https:\/\/texpak.com.br\/blog\/empresa\/","og_locale":"pt_BR","og_type":"article","og_title":"Texpak | Fabricante de Tubos de Papel\u00e3o","og_description":"\u00c9 especializada na fabrica\u00e7\u00e3o e comercializa\u00e7\u00e3o de tubos de papel\u00e3o espirais e ao longo dos anos tem conquistado a confian\u00e7a dos seus clientes e parceiros atrav\u00e9s de um trabalho eficaz e s\u00e9rio.","og_url":"https:\/\/texpak.com.br\/blog\/empresa\/","og_site_name":"Texpak | Informa\u00e7\u00f5es e Not\u00edcias","article_modified_time":"2024-10-09T18:49:27+00:00","og_image":[{"url":"https:\/\/texpak.com.br\/blog\/wp-content\/uploads\/2023\/03\/produtos-tubos-papelao-texpak.png","type":"","width":"","height":""}],"twitter_card":"summary_large_image","twitter_misc":{"Est. tempo de leitura":"3 minutos"},"schema":{"@context":"https:\/\/schema.org","@graph":[{"@type":"WebPage","@id":"https:\/\/texpak.com.br\/blog\/empresa\/","url":"https:\/\/texpak.com.br\/blog\/empresa\/","name":"Texpak | Fabricante de Tubos de Papel\u00e3o","isPartOf":{"@id":"https:\/\/texpak.com.br\/blog\/#website"},"primaryImageOfPage":{"@id":"https:\/\/texpak.com.br\/blog\/empresa\/#primaryimage"},"image":{"@id":"https:\/\/texpak.com.br\/blog\/empresa\/#primaryimage"},"thumbnailUrl":"https:\/\/texpak.com.br\/blog\/wp-content\/uploads\/2023\/03\/produtos-tubos-papelao-texpak.png","datePublished":"2023-03-30T11:46:35+00:00","dateModified":"2024-10-09T18:49:27+00:00","description":"\u00c9 especializada na fabrica\u00e7\u00e3o e comercializa\u00e7\u00e3o de tubos de papel\u00e3o espirais e ao longo dos anos tem conquistado a confian\u00e7a dos seus clientes e parceiros atrav\u00e9s de um trabalho eficaz e s\u00e9rio.","breadcrumb":{"@id":"https:\/\/texpak.com.br\/blog\/empresa\/#breadcrumb"},"inLanguage":"pt-BR","potentialAction":[{"@type":"ReadAction","target":["https:\/\/texpak.com.br\/blog\/empresa\/"]}]},{"@type":"ImageObject","inLanguage":"pt-BR","@id":"https:\/\/texpak.com.br\/blog\/empresa\/#primaryimage","url":"https:\/\/texpak.com.br\/blog\/wp-content\/uploads\/2023\/03\/produtos-tubos-papelao-texpak.png","contentUrl":"https:\/\/texpak.com.br\/blog\/wp-content\/uploads\/2023\/03\/produtos-tubos-papelao-texpak.png","width":728,"height":294},{"@type":"BreadcrumbList","@id":"https:\/\/texpak.com.br\/blog\/empresa\/#breadcrumb","itemListElement":[{"@type":"ListItem","position":1,"name":"In\u00edcio","item":"https:\/\/texpak.com.br\/blog\/"},{"@type":"ListItem","position":2,"name":"Empresa"}]},{"@type":"WebSite","@id":"https:\/\/texpak.com.br\/blog\/#website","url":"https:\/\/texpak.com.br\/blog\/","name":"Texpak | Informa\u00e7\u00f5es e Not\u00edcias","description":"Tubos de papel\u00e3o um forte aliado em seus processos de fabrica\u00e7\u00e3o, armazenagem e at\u00e9 mesmo uso final dos seus produtos pelo consumidor.","potentialAction":[{"@type":"SearchAction","target":{"@type":"EntryPoint","urlTemplate":"https:\/\/texpak.com.br\/blog\/?s={search_term_string}"},"query-input":{"@type":"PropertyValueSpecification","valueRequired":true,"valueName":"search_term_string"}}],"inLanguage":"pt-BR"}]}},"_links":{"self":[{"href":"https:\/\/texpak.com.br\/blog\/wp-json\/wp\/v2\/pages\/139","targetHints":{"allow":["GET"]}}],"collection":[{"href":"https:\/\/texpak.com.br\/blog\/wp-json\/wp\/v2\/pages"}],"about":[{"href":"https:\/\/texpak.com.br\/blog\/wp-json\/wp\/v2\/types\/page"}],"author":[{"embeddable":true,"href":"https:\/\/texpak.com.br\/blog\/wp-json\/wp\/v2\/users\/1"}],"replies":[{"embeddable":true,"href":"https:\/\/texpak.com.br\/blog\/wp-json\/wp\/v2\/comments?post=139"}],"version-history":[{"count":28,"href":"https:\/\/texpak.com.br\/blog\/wp-json\/wp\/v2\/pages\/139\/revisions"}],"predecessor-version":[{"id":447,"href":"https:\/\/texpak.com.br\/blog\/wp-json\/wp\/v2\/pages\/139\/revisions\/447"}],"wp:attachment":[{"href":"https:\/\/texpak.com.br\/blog\/wp-json\/wp\/v2\/media?parent=139"}],"curies":[{"name":"wp","href":"https:\/\/api.w.org\/{rel}","templated":true}]}}