{"id":396,"date":"2024-07-11T15:26:35","date_gmt":"2024-07-11T18:26:35","guid":{"rendered":"https:\/\/texpak.com.br\/blog\/?page_id=396"},"modified":"2025-07-24T15:38:22","modified_gmt":"2025-07-24T18:38:22","slug":"obrigado","status":"publish","type":"page","link":"https:\/\/texpak.com.br\/blog\/obrigado\/","title":{"rendered":"Obrigado Or\u00e7amento"},"content":{"rendered":"\t\t<div data-elementor-type=\"wp-page\" data-elementor-id=\"396\" class=\"elementor elementor-396\">\n\t\t\t\t\t\t<section class=\"elementor-section elementor-top-section elementor-element elementor-element-197c431 elementor-section-height-min-height elementor-section-boxed elementor-section-height-default elementor-section-items-middle\" data-id=\"197c431\" data-element_type=\"section\" data-settings=\"{&quot;background_background&quot;:&quot;classic&quot;}\">\n\t\t\t\t\t\t<div class=\"elementor-container elementor-column-gap-default\">\n\t\t\t\t\t<div class=\"elementor-column elementor-col-100 elementor-top-column elementor-element elementor-element-8d0d546\" data-id=\"8d0d546\" data-element_type=\"column\">\n\t\t\t<div class=\"elementor-widget-wrap elementor-element-populated\">\n\t\t\t\t\t\t<section class=\"elementor-section elementor-inner-section elementor-element elementor-element-44e2b4c elementor-section-boxed elementor-section-height-default elementor-section-height-default\" data-id=\"44e2b4c\" data-element_type=\"section\">\n\t\t\t\t\t\t<div class=\"elementor-container elementor-column-gap-default\">\n\t\t\t\t\t<div class=\"elementor-column elementor-col-50 elementor-inner-column elementor-element elementor-element-14c9c4b\" data-id=\"14c9c4b\" data-element_type=\"column\">\n\t\t\t<div class=\"elementor-widget-wrap elementor-element-populated\">\n\t\t\t\t\t\t<div class=\"elementor-element elementor-element-0aa8c23 elementor-widget elementor-widget-heading\" data-id=\"0aa8c23\" data-element_type=\"widget\" data-settings=\"{&quot;htmega_fe&quot;:&quot;no&quot;}\" data-widget_type=\"heading.default\">\n\t\t\t\t<div class=\"elementor-widget-container\">\n\t\t\t\t\t<h1 class=\"elementor-heading-title elementor-size-default\">Obrigado!<\/h1>\t\t\t\t<\/div>\n\t\t\t\t<\/div>\n\t\t\t\t\t<\/div>\n\t\t<\/div>\n\t\t\t\t<div class=\"elementor-column elementor-col-50 elementor-inner-column elementor-element elementor-element-4b9ad62\" data-id=\"4b9ad62\" data-element_type=\"column\" data-settings=\"{&quot;background_background&quot;:&quot;classic&quot;}\">\n\t\t\t<div class=\"elementor-widget-wrap elementor-element-populated\">\n\t\t\t\t\t\t<div class=\"elementor-element elementor-element-5a9023f elementor-widget elementor-widget-heading\" data-id=\"5a9023f\" data-element_type=\"widget\" data-settings=\"{&quot;htmega_fe&quot;:&quot;no&quot;}\" data-widget_type=\"heading.default\">\n\t\t\t\t<div class=\"elementor-widget-container\">\n\t\t\t\t\t<h2 class=\"elementor-heading-title elementor-size-default\">Sua mensagem foi enviada com sucesso.<br>\nAguarde 3 segundos\u2026<br>\nOu clique no bot\u00e3o abaixo para chamar no WhatsApp<\/h2>\t\t\t\t<\/div>\n\t\t\t\t<\/div>\n\t\t\t\t<div class=\"elementor-element elementor-element-c5fc5da elementor-align-center elementor-widget elementor-widget-button\" data-id=\"c5fc5da\" data-element_type=\"widget\" data-settings=\"{&quot;htmega_fe&quot;:&quot;no&quot;}\" data-widget_type=\"button.default\">\n\t\t\t\t<div class=\"elementor-widget-container\">\n\t\t\t\t\t\t\t\t\t<div class=\"elementor-button-wrapper\">\n\t\t\t\t\t<a class=\"elementor-button elementor-button-link elementor-size-sm\" href=\"https:\/\/wa.me\/5519984063838?text=Ol%C3%A1%2C%20estou%20entrando%20em%20contato%20atrav%C3%A9s%20do%20site\" target=\"_blank\">\n\t\t\t\t\t\t<span class=\"elementor-button-content-wrapper\">\n\t\t\t\t\t\t\t\t\t<span class=\"elementor-button-text\">WhatsApp<\/span>\n\t\t\t\t\t<\/span>\n\t\t\t\t\t<\/a>\n\t\t\t\t<\/div>\n\t\t\t\t\t\t\t\t<\/div>\n\t\t\t\t<\/div>\n\t\t\t\t\t<\/div>\n\t\t<\/div>\n\t\t\t\t\t<\/div>\n\t\t<\/section>\n\t\t\t\t\t<\/div>\n\t\t<\/div>\n\t\t\t\t\t<\/div>\n\t\t<\/section>\n\t\t\t\t<\/div>\n\t\t","protected":false},"excerpt":{"rendered":"<p>Obrigado! Sua mensagem foi enviada com sucesso. Aguarde 3 segundos\u2026 Ou clique no bot\u00e3o abaixo para chamar no WhatsApp WhatsApp<\/p>\n","protected":false},"author":1,"featured_media":0,"parent":0,"menu_order":0,"comment_status":"closed","ping_status":"closed","template":"","meta":{"inline_featured_image":false,"footnotes":""},"class_list":["post-396","page","type-page","status-publish","hentry"],"yoast_head":"<!-- This site is optimized with the Yoast SEO plugin v27.5 - https:\/\/yoast.com\/product\/yoast-seo-wordpress\/ -->\n<title>TexPak | Obrigado<\/title>\n<meta name=\"description\" content=\"Sua mensagem foi enviada com sucesso. Aguarde 3 segundos\u2026 Ou clique no bot\u00e3o abaixo para chamar no WhatsApp\" \/>\n<meta name=\"robots\" content=\"index, follow, max-snippet:-1, max-image-preview:large, max-video-preview:-1\" \/>\n<link rel=\"canonical\" href=\"https:\/\/texpak.com.br\/blog\/obrigado\/\" \/>\n<meta property=\"og:locale\" content=\"pt_BR\" \/>\n<meta property=\"og:type\" content=\"article\" \/>\n<meta property=\"og:title\" content=\"TexPak | Obrigado\" \/>\n<meta property=\"og:description\" content=\"Sua mensagem foi enviada com sucesso. Aguarde 3 segundos\u2026 Ou clique no bot\u00e3o abaixo para chamar no WhatsApp\" \/>\n<meta property=\"og:url\" content=\"https:\/\/texpak.com.br\/blog\/obrigado\/\" \/>\n<meta property=\"og:site_name\" content=\"Texpak | Informa\u00e7\u00f5es e Not\u00edcias\" \/>\n<meta property=\"article:modified_time\" content=\"2025-07-24T18:38:22+00:00\" \/>\n<meta name=\"twitter:card\" content=\"summary_large_image\" \/>\n<meta name=\"twitter:label1\" content=\"Est. tempo de leitura\" \/>\n\t<meta name=\"twitter:data1\" content=\"1 minuto\" \/>\n<script type=\"application\/ld+json\" class=\"yoast-schema-graph\">{\"@context\":\"https:\\\/\\\/schema.org\",\"@graph\":[{\"@type\":\"WebPage\",\"@id\":\"https:\\\/\\\/texpak.com.br\\\/blog\\\/obrigado\\\/\",\"url\":\"https:\\\/\\\/texpak.com.br\\\/blog\\\/obrigado\\\/\",\"name\":\"TexPak | Obrigado\",\"isPartOf\":{\"@id\":\"https:\\\/\\\/texpak.com.br\\\/blog\\\/#website\"},\"datePublished\":\"2024-07-11T18:26:35+00:00\",\"dateModified\":\"2025-07-24T18:38:22+00:00\",\"description\":\"Sua mensagem foi enviada com sucesso. Aguarde 3 segundos\u2026 Ou clique no bot\u00e3o abaixo para chamar no WhatsApp\",\"breadcrumb\":{\"@id\":\"https:\\\/\\\/texpak.com.br\\\/blog\\\/obrigado\\\/#breadcrumb\"},\"inLanguage\":\"pt-BR\",\"potentialAction\":[{\"@type\":\"ReadAction\",\"target\":[\"https:\\\/\\\/texpak.com.br\\\/blog\\\/obrigado\\\/\"]}]},{\"@type\":\"BreadcrumbList\",\"@id\":\"https:\\\/\\\/texpak.com.br\\\/blog\\\/obrigado\\\/#breadcrumb\",\"itemListElement\":[{\"@type\":\"ListItem\",\"position\":1,\"name\":\"In\u00edcio\",\"item\":\"https:\\\/\\\/texpak.com.br\\\/blog\\\/\"},{\"@type\":\"ListItem\",\"position\":2,\"name\":\"Obrigado Or\u00e7amento\"}]},{\"@type\":\"WebSite\",\"@id\":\"https:\\\/\\\/texpak.com.br\\\/blog\\\/#website\",\"url\":\"https:\\\/\\\/texpak.com.br\\\/blog\\\/\",\"name\":\"Texpak | Informa\u00e7\u00f5es e Not\u00edcias\",\"description\":\"Tubos de papel\u00e3o um forte aliado em seus processos de fabrica\u00e7\u00e3o, armazenagem e at\u00e9 mesmo uso final dos seus produtos pelo consumidor.\",\"potentialAction\":[{\"@type\":\"SearchAction\",\"target\":{\"@type\":\"EntryPoint\",\"urlTemplate\":\"https:\\\/\\\/texpak.com.br\\\/blog\\\/?s={search_term_string}\"},\"query-input\":{\"@type\":\"PropertyValueSpecification\",\"valueRequired\":true,\"valueName\":\"search_term_string\"}}],\"inLanguage\":\"pt-BR\"}]}<\/script>\n<!-- \/ Yoast SEO plugin. -->","yoast_head_json":{"title":"TexPak | Obrigado","description":"Sua mensagem foi enviada com sucesso. Aguarde 3 segundos\u2026 Ou clique no bot\u00e3o abaixo para chamar no WhatsApp","robots":{"index":"index","follow":"follow","max-snippet":"max-snippet:-1","max-image-preview":"max-image-preview:large","max-video-preview":"max-video-preview:-1"},"canonical":"https:\/\/texpak.com.br\/blog\/obrigado\/","og_locale":"pt_BR","og_type":"article","og_title":"TexPak | Obrigado","og_description":"Sua mensagem foi enviada com sucesso. Aguarde 3 segundos\u2026 Ou clique no bot\u00e3o abaixo para chamar no WhatsApp","og_url":"https:\/\/texpak.com.br\/blog\/obrigado\/","og_site_name":"Texpak | Informa\u00e7\u00f5es e Not\u00edcias","article_modified_time":"2025-07-24T18:38:22+00:00","twitter_card":"summary_large_image","twitter_misc":{"Est. tempo de leitura":"1 minuto"},"schema":{"@context":"https:\/\/schema.org","@graph":[{"@type":"WebPage","@id":"https:\/\/texpak.com.br\/blog\/obrigado\/","url":"https:\/\/texpak.com.br\/blog\/obrigado\/","name":"TexPak | Obrigado","isPartOf":{"@id":"https:\/\/texpak.com.br\/blog\/#website"},"datePublished":"2024-07-11T18:26:35+00:00","dateModified":"2025-07-24T18:38:22+00:00","description":"Sua mensagem foi enviada com sucesso. Aguarde 3 segundos\u2026 Ou clique no bot\u00e3o abaixo para chamar no WhatsApp","breadcrumb":{"@id":"https:\/\/texpak.com.br\/blog\/obrigado\/#breadcrumb"},"inLanguage":"pt-BR","potentialAction":[{"@type":"ReadAction","target":["https:\/\/texpak.com.br\/blog\/obrigado\/"]}]},{"@type":"BreadcrumbList","@id":"https:\/\/texpak.com.br\/blog\/obrigado\/#breadcrumb","itemListElement":[{"@type":"ListItem","position":1,"name":"In\u00edcio","item":"https:\/\/texpak.com.br\/blog\/"},{"@type":"ListItem","position":2,"name":"Obrigado Or\u00e7amento"}]},{"@type":"WebSite","@id":"https:\/\/texpak.com.br\/blog\/#website","url":"https:\/\/texpak.com.br\/blog\/","name":"Texpak | Informa\u00e7\u00f5es e Not\u00edcias","description":"Tubos de papel\u00e3o um forte aliado em seus processos de fabrica\u00e7\u00e3o, armazenagem e at\u00e9 mesmo uso final dos seus produtos pelo consumidor.","potentialAction":[{"@type":"SearchAction","target":{"@type":"EntryPoint","urlTemplate":"https:\/\/texpak.com.br\/blog\/?s={search_term_string}"},"query-input":{"@type":"PropertyValueSpecification","valueRequired":true,"valueName":"search_term_string"}}],"inLanguage":"pt-BR"}]}},"_links":{"self":[{"href":"https:\/\/texpak.com.br\/blog\/wp-json\/wp\/v2\/pages\/396","targetHints":{"allow":["GET"]}}],"collection":[{"href":"https:\/\/texpak.com.br\/blog\/wp-json\/wp\/v2\/pages"}],"about":[{"href":"https:\/\/texpak.com.br\/blog\/wp-json\/wp\/v2\/types\/page"}],"author":[{"embeddable":true,"href":"https:\/\/texpak.com.br\/blog\/wp-json\/wp\/v2\/users\/1"}],"replies":[{"embeddable":true,"href":"https:\/\/texpak.com.br\/blog\/wp-json\/wp\/v2\/comments?post=396"}],"version-history":[{"count":21,"href":"https:\/\/texpak.com.br\/blog\/wp-json\/wp\/v2\/pages\/396\/revisions"}],"predecessor-version":[{"id":879,"href":"https:\/\/texpak.com.br\/blog\/wp-json\/wp\/v2\/pages\/396\/revisions\/879"}],"wp:attachment":[{"href":"https:\/\/texpak.com.br\/blog\/wp-json\/wp\/v2\/media?parent=396"}],"curies":[{"name":"wp","href":"https:\/\/api.w.org\/{rel}","templated":true}]}}