{"id":463,"date":"2025-01-27T16:21:20","date_gmt":"2025-01-27T19:21:20","guid":{"rendered":"https:\/\/texpak.com.br\/blog\/?page_id=463"},"modified":"2025-11-28T10:31:23","modified_gmt":"2025-11-28T13:31:23","slug":"qualidade","status":"publish","type":"page","link":"https:\/\/texpak.com.br\/blog\/qualidade\/","title":{"rendered":"Qualidade"},"content":{"rendered":"\t\t<div data-elementor-type=\"wp-page\" data-elementor-id=\"463\" class=\"elementor elementor-463\">\n\t\t\t\t\t\t<section class=\"elementor-section elementor-top-section elementor-element elementor-element-197c431 elementor-section-content-bottom elementor-section-boxed elementor-section-height-default elementor-section-height-default\" data-id=\"197c431\" data-element_type=\"section\" data-settings=\"{&quot;background_background&quot;:&quot;classic&quot;}\">\n\t\t\t\t\t\t<div class=\"elementor-container elementor-column-gap-default\">\n\t\t\t\t\t<div class=\"elementor-column elementor-col-100 elementor-top-column elementor-element elementor-element-8d0d546\" data-id=\"8d0d546\" data-element_type=\"column\">\n\t\t\t<div class=\"elementor-widget-wrap elementor-element-populated\">\n\t\t\t\t\t\t<section class=\"elementor-section elementor-inner-section elementor-element elementor-element-44e2b4c elementor-section-content-bottom elementor-section-boxed elementor-section-height-default elementor-section-height-default\" data-id=\"44e2b4c\" data-element_type=\"section\">\n\t\t\t\t\t\t<div class=\"elementor-container elementor-column-gap-default\">\n\t\t\t\t\t<div class=\"elementor-column elementor-col-50 elementor-inner-column elementor-element elementor-element-14c9c4b\" data-id=\"14c9c4b\" data-element_type=\"column\">\n\t\t\t<div class=\"elementor-widget-wrap elementor-element-populated\">\n\t\t\t\t\t\t<div class=\"elementor-element elementor-element-0aa8c23 elementor-widget elementor-widget-heading\" data-id=\"0aa8c23\" data-element_type=\"widget\" data-settings=\"{&quot;htmega_fe&quot;:&quot;no&quot;}\" data-widget_type=\"heading.default\">\n\t\t\t\t<div class=\"elementor-widget-container\">\n\t\t\t\t\t<h1 class=\"elementor-heading-title elementor-size-default\">Qualidade<\/h1>\t\t\t\t<\/div>\n\t\t\t\t<\/div>\n\t\t\t\t\t<\/div>\n\t\t<\/div>\n\t\t\t\t<div class=\"elementor-column elementor-col-50 elementor-inner-column elementor-element elementor-element-c0960c6\" data-id=\"c0960c6\" data-element_type=\"column\">\n\t\t\t<div class=\"elementor-widget-wrap elementor-element-populated\">\n\t\t\t\t\t\t<div class=\"elementor-element elementor-element-fdaca8b elementor-widget elementor-widget-image\" data-id=\"fdaca8b\" data-element_type=\"widget\" data-settings=\"{&quot;htmega_fe&quot;:&quot;no&quot;}\" data-widget_type=\"image.default\">\n\t\t\t\t<div class=\"elementor-widget-container\">\n\t\t\t\t\t\t\t\t\t\t\t\t\t\t\t<img fetchpriority=\"high\" decoding=\"async\" width=\"624\" height=\"430\" src=\"https:\/\/texpak.com.br\/blog\/wp-content\/uploads\/2025\/01\/qualidade-iso-9001.png\" class=\"attachment-large size-large wp-image-520\" alt=\"Qualidade ISO 9001\" srcset=\"https:\/\/texpak.com.br\/blog\/wp-content\/uploads\/2025\/01\/qualidade-iso-9001.png 624w, https:\/\/texpak.com.br\/blog\/wp-content\/uploads\/2025\/01\/qualidade-iso-9001-300x207.png 300w\" sizes=\"(max-width: 624px) 100vw, 624px\" \/>\t\t\t\t\t\t\t\t\t\t\t\t\t\t\t<\/div>\n\t\t\t\t<\/div>\n\t\t\t\t\t<\/div>\n\t\t<\/div>\n\t\t\t\t\t<\/div>\n\t\t<\/section>\n\t\t\t\t\t<\/div>\n\t\t<\/div>\n\t\t\t\t\t<\/div>\n\t\t<\/section>\n\t\t\t\t<section class=\"elementor-section elementor-top-section elementor-element elementor-element-10b2456 elementor-section-content-middle elementor-section-boxed elementor-section-height-default elementor-section-height-default\" data-id=\"10b2456\" data-element_type=\"section\">\n\t\t\t\t\t\t<div class=\"elementor-container elementor-column-gap-narrow\">\n\t\t\t\t\t<div class=\"elementor-column elementor-col-100 elementor-top-column elementor-element elementor-element-b32125a\" data-id=\"b32125a\" data-element_type=\"column\">\n\t\t\t<div class=\"elementor-widget-wrap elementor-element-populated\">\n\t\t\t\t\t\t<div class=\"elementor-element elementor-element-95b3b2c elementor-widget elementor-widget-heading\" data-id=\"95b3b2c\" data-element_type=\"widget\" data-settings=\"{&quot;htmega_fe&quot;:&quot;no&quot;}\" data-widget_type=\"heading.default\">\n\t\t\t\t<div class=\"elementor-widget-container\">\n\t\t\t\t\t<h2 class=\"elementor-heading-title elementor-size-default\">Compromisso garantido para o cliente<\/h2>\t\t\t\t<\/div>\n\t\t\t\t<\/div>\n\t\t\t\t<div class=\"elementor-element elementor-element-9590b52 elementor-widget elementor-widget-heading\" data-id=\"9590b52\" data-element_type=\"widget\" data-settings=\"{&quot;htmega_fe&quot;:&quot;no&quot;}\" data-widget_type=\"heading.default\">\n\t\t\t\t<div class=\"elementor-widget-container\">\n\t\t\t\t\t<h2 class=\"elementor-heading-title elementor-size-default\">Objetivos da Qualidade<\/h2>\t\t\t\t<\/div>\n\t\t\t\t<\/div>\n\t\t\t\t<div class=\"elementor-element elementor-element-2211479 elementor-widget elementor-widget-heading\" data-id=\"2211479\" data-element_type=\"widget\" data-settings=\"{&quot;htmega_fe&quot;:&quot;no&quot;}\" data-widget_type=\"heading.default\">\n\t\t\t\t<div class=\"elementor-widget-container\">\n\t\t\t\t\t<p class=\"elementor-heading-title elementor-size-default\">1\u00ba - Satisfa\u00e7\u00e3o dos Clientes;<br>\n2\u00ba - Atender aos requisitos estabelecidos;<br>\n3\u00ba - Melhoria Continua.\n<br><br>\nPreocupada em desenvolver produtos ecologicamente corretos, utilizamos mat\u00e9ria-prima 100% recicl\u00e1veis e adesivos vegetais at\u00f3xicos.\n<br><br>\nEstamos comprometidos em investir em novas tecnologias e possu\u00edmos um laborat\u00f3rio com equipamentos de \u00faltima gera\u00e7\u00e3o, pensado e formulado para atender todas as necessidades dos nossos clientes no requisito qualidade e controle do produto fornecido.\n<br><br>\nTamb\u00e9m disponibilizamos de equipamentos para realiza\u00e7\u00e3o de todos os testes f\u00edsicos na mat\u00e9ria prima recebida, de acordo com a ABNT (Normas T\u00e9cnicas Brasileira), desta forma, oferecemos um produto elaborado e analisado garantindo sua qualidade.\n<br><br>\nNossa equipe \u00e9 capacitada para o desenvolvimento de novos produtos segundo suas aplica\u00e7\u00f5es, encontrando solu\u00e7\u00f5es e redu\u00e7\u00e3o de custos para nossos clientes.<\/p>\t\t\t\t<\/div>\n\t\t\t\t<\/div>\n\t\t\t\t<div class=\"elementor-element elementor-element-7f4dbba elementor-widget elementor-widget-heading\" data-id=\"7f4dbba\" data-element_type=\"widget\" data-settings=\"{&quot;htmega_fe&quot;:&quot;no&quot;}\" data-widget_type=\"heading.default\">\n\t\t\t\t<div class=\"elementor-widget-container\">\n\t\t\t\t\t<h2 class=\"elementor-heading-title elementor-size-default\">Produtos testados<\/h2>\t\t\t\t<\/div>\n\t\t\t\t<\/div>\n\t\t\t\t<div class=\"elementor-element elementor-element-8d46bdd gallery-spacing-custom elementor-widget elementor-widget-image-gallery\" data-id=\"8d46bdd\" data-element_type=\"widget\" data-settings=\"{&quot;htmega_fe&quot;:&quot;no&quot;}\" data-widget_type=\"image-gallery.default\">\n\t\t\t\t<div class=\"elementor-widget-container\">\n\t\t\t\t\t\t\t<div class=\"elementor-image-gallery\">\n\t\t\t<div id='gallery-1' class='gallery galleryid-463 gallery-columns-2 gallery-size-full'><figure class='gallery-item'>\n\t\t\t<div class='gallery-icon landscape'>\n\t\t\t\t<img decoding=\"async\" width=\"590\" height=\"400\" src=\"https:\/\/texpak.com.br\/blog\/wp-content\/uploads\/2025\/01\/1-tubos-papelao-controle-qualidade-texpak.jpg\" class=\"attachment-full size-full\" alt=\"\" srcset=\"https:\/\/texpak.com.br\/blog\/wp-content\/uploads\/2025\/01\/1-tubos-papelao-controle-qualidade-texpak.jpg 590w, https:\/\/texpak.com.br\/blog\/wp-content\/uploads\/2025\/01\/1-tubos-papelao-controle-qualidade-texpak-300x203.jpg 300w\" sizes=\"(max-width: 590px) 100vw, 590px\" \/>\n\t\t\t<\/div><\/figure><figure class='gallery-item'>\n\t\t\t<div class='gallery-icon landscape'>\n\t\t\t\t<img decoding=\"async\" width=\"590\" height=\"400\" src=\"https:\/\/texpak.com.br\/blog\/wp-content\/uploads\/2025\/01\/2-tubos-papelao-controle-qualidade-texpak.jpg\" class=\"attachment-full size-full\" alt=\"\" srcset=\"https:\/\/texpak.com.br\/blog\/wp-content\/uploads\/2025\/01\/2-tubos-papelao-controle-qualidade-texpak.jpg 590w, https:\/\/texpak.com.br\/blog\/wp-content\/uploads\/2025\/01\/2-tubos-papelao-controle-qualidade-texpak-300x203.jpg 300w\" sizes=\"(max-width: 590px) 100vw, 590px\" \/>\n\t\t\t<\/div><\/figure>\n\t\t<\/div>\n\t\t<\/div>\n\t\t\t\t\t\t<\/div>\n\t\t\t\t<\/div>\n\t\t\t\t<section class=\"elementor-section elementor-inner-section elementor-element elementor-element-c8fbb2c elementor-section-content-middle elementor-section-boxed elementor-section-height-default elementor-section-height-default\" data-id=\"c8fbb2c\" data-element_type=\"section\">\n\t\t\t\t\t\t<div class=\"elementor-container elementor-column-gap-narrow\">\n\t\t\t\t\t<div class=\"elementor-column elementor-col-33 elementor-inner-column elementor-element elementor-element-d984fe1\" data-id=\"d984fe1\" data-element_type=\"column\">\n\t\t\t<div class=\"elementor-widget-wrap elementor-element-populated\">\n\t\t\t\t\t\t<div class=\"elementor-element elementor-element-65ad466 elementor-position-left elementor-vertical-align-middle elementor-position-top elementor-widget-tablet__width-initial elementor-widget elementor-widget-image-box\" data-id=\"65ad466\" data-element_type=\"widget\" data-settings=\"{&quot;htmega_fe&quot;:&quot;no&quot;}\" data-widget_type=\"image-box.default\">\n\t\t\t\t<div class=\"elementor-widget-container\">\n\t\t\t\t\t<div class=\"elementor-image-box-wrapper\"><figure class=\"elementor-image-box-img\"><a href=\"https:\/\/www.texpak.com.br\/galeria-fotos-tubos-papelao.html\" tabindex=\"-1\"><img loading=\"lazy\" decoding=\"async\" width=\"50\" height=\"35\" src=\"https:\/\/texpak.com.br\/blog\/wp-content\/uploads\/2023\/03\/icone-galeria-texpak-tubos-papelao.png\" class=\"elementor-animation-pulse attachment-full size-full wp-image-157\" alt=\"\" \/><\/a><\/figure><div class=\"elementor-image-box-content\"><h3 class=\"elementor-image-box-title\"><a href=\"https:\/\/www.texpak.com.br\/galeria-fotos-tubos-papelao.html\">Confira outras imagens<\/a><\/h3><\/div><\/div>\t\t\t\t<\/div>\n\t\t\t\t<\/div>\n\t\t\t\t\t<\/div>\n\t\t<\/div>\n\t\t\t\t<div class=\"elementor-column elementor-col-33 elementor-inner-column elementor-element elementor-element-556e755\" data-id=\"556e755\" data-element_type=\"column\">\n\t\t\t<div class=\"elementor-widget-wrap\">\n\t\t\t\t\t\t\t<\/div>\n\t\t<\/div>\n\t\t\t\t<div class=\"elementor-column elementor-col-33 elementor-inner-column elementor-element elementor-element-e6a4e5c\" data-id=\"e6a4e5c\" data-element_type=\"column\">\n\t\t\t<div class=\"elementor-widget-wrap\">\n\t\t\t\t\t\t\t<\/div>\n\t\t<\/div>\n\t\t\t\t\t<\/div>\n\t\t<\/section>\n\t\t\t\t\t<\/div>\n\t\t<\/div>\n\t\t\t\t\t<\/div>\n\t\t<\/section>\n\t\t\t\t<section class=\"elementor-section elementor-top-section elementor-element elementor-element-a637537 elementor-section-boxed elementor-section-height-default elementor-section-height-default\" data-id=\"a637537\" data-element_type=\"section\" data-settings=\"{&quot;background_background&quot;:&quot;gradient&quot;}\">\n\t\t\t\t\t\t<div class=\"elementor-container elementor-column-gap-default\">\n\t\t\t\t\t<div class=\"elementor-column elementor-col-100 elementor-top-column elementor-element elementor-element-dd4c8e7\" data-id=\"dd4c8e7\" data-element_type=\"column\">\n\t\t\t<div class=\"elementor-widget-wrap elementor-element-populated\">\n\t\t\t\t\t\t<div class=\"elementor-element elementor-element-06bc4f2 elementor-widget elementor-widget-heading\" data-id=\"06bc4f2\" data-element_type=\"widget\" data-settings=\"{&quot;htmega_fe&quot;:&quot;no&quot;}\" data-widget_type=\"heading.default\">\n\t\t\t\t<div class=\"elementor-widget-container\">\n\t\t\t\t\t<h2 class=\"elementor-heading-title elementor-size-default\">POL\u00cdTICA DA QUALIDADE<\/h2>\t\t\t\t<\/div>\n\t\t\t\t<\/div>\n\t\t\t\t<div class=\"elementor-element elementor-element-5e08e20 elementor-widget elementor-widget-heading\" data-id=\"5e08e20\" data-element_type=\"widget\" data-settings=\"{&quot;htmega_fe&quot;:&quot;no&quot;}\" data-widget_type=\"heading.default\">\n\t\t\t\t<div class=\"elementor-widget-container\">\n\t\t\t\t\t<p class=\"elementor-heading-title elementor-size-default\">A <b>TexPak<\/b> tem como compromisso fornecer tubos de papel\u00e3o e satisfazer as necessidades de nossos clientes com produtos que atendam aos requisitos\nestabelecidos em comum acordo, gerando resultados competitivos e sustent\u00e1veis, buscando a melhoria continua em nossos processos.<\/p>\t\t\t\t<\/div>\n\t\t\t\t<\/div>\n\t\t\t\t\t<\/div>\n\t\t<\/div>\n\t\t\t\t\t<\/div>\n\t\t<\/section>\n\t\t\t\t<section class=\"elementor-section elementor-top-section elementor-element elementor-element-4c776add elementor-section-boxed elementor-section-height-default elementor-section-height-default\" data-id=\"4c776add\" data-element_type=\"section\" data-settings=\"{&quot;background_background&quot;:&quot;classic&quot;}\">\n\t\t\t\t\t\t<div class=\"elementor-container elementor-column-gap-default\">\n\t\t\t\t\t<div class=\"elementor-column elementor-col-50 elementor-top-column elementor-element elementor-element-4667882e\" data-id=\"4667882e\" data-element_type=\"column\">\n\t\t\t<div class=\"elementor-widget-wrap elementor-element-populated\">\n\t\t\t\t\t\t<div class=\"elementor-element elementor-element-1c794454 elementor-align-center elementor-widget elementor-widget-button\" data-id=\"1c794454\" data-element_type=\"widget\" data-settings=\"{&quot;htmega_fe&quot;:&quot;no&quot;}\" data-widget_type=\"button.default\">\n\t\t\t\t<div class=\"elementor-widget-container\">\n\t\t\t\t\t\t\t\t\t<div class=\"elementor-button-wrapper\">\n\t\t\t\t\t<a class=\"elementor-button elementor-button-link elementor-size-lg\" href=\"https:\/\/texpak.com.br\/blog\/wp-content\/uploads\/2025\/01\/certificado-iso-9001.pdf\" target=\"_blank\">\n\t\t\t\t\t\t<span class=\"elementor-button-content-wrapper\">\n\t\t\t\t\t\t<span class=\"elementor-button-icon\">\n\t\t\t\t<i aria-hidden=\"true\" class=\"fas fa-download\"><\/i>\t\t\t<\/span>\n\t\t\t\t\t\t\t\t\t<span class=\"elementor-button-text\">Certificado ISO 9001<\/span>\n\t\t\t\t\t<\/span>\n\t\t\t\t\t<\/a>\n\t\t\t\t<\/div>\n\t\t\t\t\t\t\t\t<\/div>\n\t\t\t\t<\/div>\n\t\t\t\t\t<\/div>\n\t\t<\/div>\n\t\t\t\t<div class=\"elementor-column elementor-col-50 elementor-top-column elementor-element elementor-element-149d0ab2\" data-id=\"149d0ab2\" data-element_type=\"column\">\n\t\t\t<div class=\"elementor-widget-wrap elementor-element-populated\">\n\t\t\t\t\t\t<div class=\"elementor-element elementor-element-2543abe7 elementor-align-center elementor-widget elementor-widget-button\" data-id=\"2543abe7\" data-element_type=\"widget\" data-settings=\"{&quot;htmega_fe&quot;:&quot;no&quot;}\" data-widget_type=\"button.default\">\n\t\t\t\t<div class=\"elementor-widget-container\">\n\t\t\t\t\t\t\t\t\t<div class=\"elementor-button-wrapper\">\n\t\t\t\t\t<a class=\"elementor-button elementor-button-link elementor-size-lg\" href=\"https:\/\/texpak.com.br\/blog\/wp-content\/uploads\/2025\/01\/declaracao-de-politica-de-trabalho-texpak.pdf\" target=\"_blank\">\n\t\t\t\t\t\t<span class=\"elementor-button-content-wrapper\">\n\t\t\t\t\t\t<span class=\"elementor-button-icon\">\n\t\t\t\t<i aria-hidden=\"true\" class=\"fas fa-download\"><\/i>\t\t\t<\/span>\n\t\t\t\t\t\t\t\t\t<span class=\"elementor-button-text\">Declara\u00e7\u00e3o de Pol\u00edtica de Trabalho<\/span>\n\t\t\t\t\t<\/span>\n\t\t\t\t\t<\/a>\n\t\t\t\t<\/div>\n\t\t\t\t\t\t\t\t<\/div>\n\t\t\t\t<\/div>\n\t\t\t\t\t<\/div>\n\t\t<\/div>\n\t\t\t\t\t<\/div>\n\t\t<\/section>\n\t\t\t\t<\/div>\n\t\t","protected":false},"excerpt":{"rendered":"<p>Qualidade Compromisso garantido para o cliente Objetivos da Qualidade 1\u00ba &#8211; Satisfa\u00e7\u00e3o dos Clientes; 2\u00ba &#8211; Atender aos requisitos estabelecidos; 3\u00ba &#8211; Melhoria Continua. Preocupada em desenvolver produtos ecologicamente corretos, utilizamos mat\u00e9ria-prima 100% recicl\u00e1veis e adesivos vegetais at\u00f3xicos. Estamos comprometidos em investir em novas tecnologias e possu\u00edmos um laborat\u00f3rio com equipamentos de \u00faltima gera\u00e7\u00e3o, pensado [&hellip;]<\/p>\n","protected":false},"author":1,"featured_media":0,"parent":0,"menu_order":0,"comment_status":"closed","ping_status":"closed","template":"","meta":{"inline_featured_image":false,"footnotes":""},"class_list":["post-463","page","type-page","status-publish","hentry"],"yoast_head":"<!-- This site is optimized with the Yoast SEO plugin v27.6 - https:\/\/yoast.com\/product\/yoast-seo-wordpress\/ -->\n<title>Texpak | Qualidade<\/title>\n<meta name=\"description\" content=\"Comprometidos em satisfazer as necessidades de nossos clientes com produtos e servi\u00e7os que atendam os requisitos estabelecidos em comum acordo e a busca da melhoria cont\u00ednua da efic\u00e1cia do nosso Sistema de Gest\u00e3o da Qualidade.\" \/>\n<meta name=\"robots\" content=\"index, follow, max-snippet:-1, max-image-preview:large, max-video-preview:-1\" \/>\n<link rel=\"canonical\" href=\"https:\/\/texpak.com.br\/blog\/qualidade\/\" \/>\n<meta property=\"og:locale\" content=\"pt_BR\" \/>\n<meta property=\"og:type\" content=\"article\" \/>\n<meta property=\"og:title\" content=\"Texpak | Qualidade\" \/>\n<meta property=\"og:description\" content=\"Comprometidos em satisfazer as necessidades de nossos clientes com produtos e servi\u00e7os que atendam os requisitos estabelecidos em comum acordo e a busca da melhoria cont\u00ednua da efic\u00e1cia do nosso Sistema de Gest\u00e3o da Qualidade.\" \/>\n<meta property=\"og:url\" content=\"https:\/\/texpak.com.br\/blog\/qualidade\/\" \/>\n<meta property=\"og:site_name\" content=\"Texpak | Informa\u00e7\u00f5es e Not\u00edcias\" \/>\n<meta property=\"article:modified_time\" content=\"2025-11-28T13:31:23+00:00\" \/>\n<meta property=\"og:image\" content=\"https:\/\/texpak.com.br\/blog\/wp-content\/uploads\/2025\/01\/qualidade-iso-9001.png\" \/>\n\t<meta property=\"og:image:width\" content=\"624\" \/>\n\t<meta property=\"og:image:height\" content=\"430\" \/>\n\t<meta property=\"og:image:type\" content=\"image\/png\" \/>\n<meta name=\"twitter:card\" content=\"summary_large_image\" \/>\n<meta name=\"twitter:label1\" content=\"Est. tempo de leitura\" \/>\n\t<meta name=\"twitter:data1\" content=\"2 minutos\" \/>\n<script type=\"application\/ld+json\" class=\"yoast-schema-graph\">{\"@context\":\"https:\\\/\\\/schema.org\",\"@graph\":[{\"@type\":\"WebPage\",\"@id\":\"https:\\\/\\\/texpak.com.br\\\/blog\\\/qualidade\\\/\",\"url\":\"https:\\\/\\\/texpak.com.br\\\/blog\\\/qualidade\\\/\",\"name\":\"Texpak | Qualidade\",\"isPartOf\":{\"@id\":\"https:\\\/\\\/texpak.com.br\\\/blog\\\/#website\"},\"primaryImageOfPage\":{\"@id\":\"https:\\\/\\\/texpak.com.br\\\/blog\\\/qualidade\\\/#primaryimage\"},\"image\":{\"@id\":\"https:\\\/\\\/texpak.com.br\\\/blog\\\/qualidade\\\/#primaryimage\"},\"thumbnailUrl\":\"https:\\\/\\\/texpak.com.br\\\/blog\\\/wp-content\\\/uploads\\\/2025\\\/01\\\/qualidade-iso-9001.png\",\"datePublished\":\"2025-01-27T19:21:20+00:00\",\"dateModified\":\"2025-11-28T13:31:23+00:00\",\"description\":\"Comprometidos em satisfazer as necessidades de nossos clientes com produtos e servi\u00e7os que atendam os requisitos estabelecidos em comum acordo e a busca da melhoria cont\u00ednua da efic\u00e1cia do nosso Sistema de Gest\u00e3o da Qualidade.\",\"breadcrumb\":{\"@id\":\"https:\\\/\\\/texpak.com.br\\\/blog\\\/qualidade\\\/#breadcrumb\"},\"inLanguage\":\"pt-BR\",\"potentialAction\":[{\"@type\":\"ReadAction\",\"target\":[\"https:\\\/\\\/texpak.com.br\\\/blog\\\/qualidade\\\/\"]}]},{\"@type\":\"ImageObject\",\"inLanguage\":\"pt-BR\",\"@id\":\"https:\\\/\\\/texpak.com.br\\\/blog\\\/qualidade\\\/#primaryimage\",\"url\":\"https:\\\/\\\/texpak.com.br\\\/blog\\\/wp-content\\\/uploads\\\/2025\\\/01\\\/qualidade-iso-9001.png\",\"contentUrl\":\"https:\\\/\\\/texpak.com.br\\\/blog\\\/wp-content\\\/uploads\\\/2025\\\/01\\\/qualidade-iso-9001.png\",\"width\":624,\"height\":430,\"caption\":\"Qualidade ISO 9001\"},{\"@type\":\"BreadcrumbList\",\"@id\":\"https:\\\/\\\/texpak.com.br\\\/blog\\\/qualidade\\\/#breadcrumb\",\"itemListElement\":[{\"@type\":\"ListItem\",\"position\":1,\"name\":\"In\u00edcio\",\"item\":\"https:\\\/\\\/texpak.com.br\\\/blog\\\/\"},{\"@type\":\"ListItem\",\"position\":2,\"name\":\"Qualidade\"}]},{\"@type\":\"WebSite\",\"@id\":\"https:\\\/\\\/texpak.com.br\\\/blog\\\/#website\",\"url\":\"https:\\\/\\\/texpak.com.br\\\/blog\\\/\",\"name\":\"Texpak | Informa\u00e7\u00f5es e Not\u00edcias\",\"description\":\"Tubos de papel\u00e3o um forte aliado em seus processos de fabrica\u00e7\u00e3o, armazenagem e at\u00e9 mesmo uso final dos seus produtos pelo consumidor.\",\"potentialAction\":[{\"@type\":\"SearchAction\",\"target\":{\"@type\":\"EntryPoint\",\"urlTemplate\":\"https:\\\/\\\/texpak.com.br\\\/blog\\\/?s={search_term_string}\"},\"query-input\":{\"@type\":\"PropertyValueSpecification\",\"valueRequired\":true,\"valueName\":\"search_term_string\"}}],\"inLanguage\":\"pt-BR\"}]}<\/script>\n<!-- \/ Yoast SEO plugin. -->","yoast_head_json":{"title":"Texpak | Qualidade","description":"Comprometidos em satisfazer as necessidades de nossos clientes com produtos e servi\u00e7os que atendam os requisitos estabelecidos em comum acordo e a busca da melhoria cont\u00ednua da efic\u00e1cia do nosso Sistema de Gest\u00e3o da Qualidade.","robots":{"index":"index","follow":"follow","max-snippet":"max-snippet:-1","max-image-preview":"max-image-preview:large","max-video-preview":"max-video-preview:-1"},"canonical":"https:\/\/texpak.com.br\/blog\/qualidade\/","og_locale":"pt_BR","og_type":"article","og_title":"Texpak | Qualidade","og_description":"Comprometidos em satisfazer as necessidades de nossos clientes com produtos e servi\u00e7os que atendam os requisitos estabelecidos em comum acordo e a busca da melhoria cont\u00ednua da efic\u00e1cia do nosso Sistema de Gest\u00e3o da Qualidade.","og_url":"https:\/\/texpak.com.br\/blog\/qualidade\/","og_site_name":"Texpak | Informa\u00e7\u00f5es e Not\u00edcias","article_modified_time":"2025-11-28T13:31:23+00:00","og_image":[{"width":624,"height":430,"url":"https:\/\/texpak.com.br\/blog\/wp-content\/uploads\/2025\/01\/qualidade-iso-9001.png","type":"image\/png"}],"twitter_card":"summary_large_image","twitter_misc":{"Est. tempo de leitura":"2 minutos"},"schema":{"@context":"https:\/\/schema.org","@graph":[{"@type":"WebPage","@id":"https:\/\/texpak.com.br\/blog\/qualidade\/","url":"https:\/\/texpak.com.br\/blog\/qualidade\/","name":"Texpak | Qualidade","isPartOf":{"@id":"https:\/\/texpak.com.br\/blog\/#website"},"primaryImageOfPage":{"@id":"https:\/\/texpak.com.br\/blog\/qualidade\/#primaryimage"},"image":{"@id":"https:\/\/texpak.com.br\/blog\/qualidade\/#primaryimage"},"thumbnailUrl":"https:\/\/texpak.com.br\/blog\/wp-content\/uploads\/2025\/01\/qualidade-iso-9001.png","datePublished":"2025-01-27T19:21:20+00:00","dateModified":"2025-11-28T13:31:23+00:00","description":"Comprometidos em satisfazer as necessidades de nossos clientes com produtos e servi\u00e7os que atendam os requisitos estabelecidos em comum acordo e a busca da melhoria cont\u00ednua da efic\u00e1cia do nosso Sistema de Gest\u00e3o da Qualidade.","breadcrumb":{"@id":"https:\/\/texpak.com.br\/blog\/qualidade\/#breadcrumb"},"inLanguage":"pt-BR","potentialAction":[{"@type":"ReadAction","target":["https:\/\/texpak.com.br\/blog\/qualidade\/"]}]},{"@type":"ImageObject","inLanguage":"pt-BR","@id":"https:\/\/texpak.com.br\/blog\/qualidade\/#primaryimage","url":"https:\/\/texpak.com.br\/blog\/wp-content\/uploads\/2025\/01\/qualidade-iso-9001.png","contentUrl":"https:\/\/texpak.com.br\/blog\/wp-content\/uploads\/2025\/01\/qualidade-iso-9001.png","width":624,"height":430,"caption":"Qualidade ISO 9001"},{"@type":"BreadcrumbList","@id":"https:\/\/texpak.com.br\/blog\/qualidade\/#breadcrumb","itemListElement":[{"@type":"ListItem","position":1,"name":"In\u00edcio","item":"https:\/\/texpak.com.br\/blog\/"},{"@type":"ListItem","position":2,"name":"Qualidade"}]},{"@type":"WebSite","@id":"https:\/\/texpak.com.br\/blog\/#website","url":"https:\/\/texpak.com.br\/blog\/","name":"Texpak | Informa\u00e7\u00f5es e Not\u00edcias","description":"Tubos de papel\u00e3o um forte aliado em seus processos de fabrica\u00e7\u00e3o, armazenagem e at\u00e9 mesmo uso final dos seus produtos pelo consumidor.","potentialAction":[{"@type":"SearchAction","target":{"@type":"EntryPoint","urlTemplate":"https:\/\/texpak.com.br\/blog\/?s={search_term_string}"},"query-input":{"@type":"PropertyValueSpecification","valueRequired":true,"valueName":"search_term_string"}}],"inLanguage":"pt-BR"}]}},"_links":{"self":[{"href":"https:\/\/texpak.com.br\/blog\/wp-json\/wp\/v2\/pages\/463","targetHints":{"allow":["GET"]}}],"collection":[{"href":"https:\/\/texpak.com.br\/blog\/wp-json\/wp\/v2\/pages"}],"about":[{"href":"https:\/\/texpak.com.br\/blog\/wp-json\/wp\/v2\/types\/page"}],"author":[{"embeddable":true,"href":"https:\/\/texpak.com.br\/blog\/wp-json\/wp\/v2\/users\/1"}],"replies":[{"embeddable":true,"href":"https:\/\/texpak.com.br\/blog\/wp-json\/wp\/v2\/comments?post=463"}],"version-history":[{"count":38,"href":"https:\/\/texpak.com.br\/blog\/wp-json\/wp\/v2\/pages\/463\/revisions"}],"predecessor-version":[{"id":954,"href":"https:\/\/texpak.com.br\/blog\/wp-json\/wp\/v2\/pages\/463\/revisions\/954"}],"wp:attachment":[{"href":"https:\/\/texpak.com.br\/blog\/wp-json\/wp\/v2\/media?parent=463"}],"curies":[{"name":"wp","href":"https:\/\/api.w.org\/{rel}","templated":true}]}}